{"id":120,"date":"2021-12-24T09:24:56","date_gmt":"2021-12-24T09:24:56","guid":{"rendered":"https:\/\/www.lvnk.li\/?page_id=120"},"modified":"2021-12-24T09:25:48","modified_gmt":"2021-12-24T09:25:48","slug":"datenschutzerklaerung","status":"publish","type":"page","link":"https:\/\/www.lvnk.li\/index.php\/datenschutzerklaerung\/","title":{"rendered":"Datenschutzerkl\u00e4rung"},"content":{"rendered":"\n<p><\/p>\n\n\n\n<p><strong>1. Diese Datenschutz-Information gilt f\u00fcr die Datenverarbeitung durch:<br><\/strong><br><br><strong>LVNK<\/strong><br><br><strong>Austrasse 1<br>FL-9490 Vaduz<br>Tel: +423 232 41 43<br>Fax: +423 233 41 44<br>E-Mailadresse: info@lvnk.li<br>www.lvnk.li<br><br>2. Erhebung und Speicherung personenbezogener Daten sowie Art und Zweck von deren Verwendung<br><\/strong><br><br><strong>a) Beim Besuch der Website<br><\/strong><br><br><strong>Beim Aufrufen der Website http:\/\/www.lvnk.li&nbsp;werden durch den auf Ihrem Endger\u00e4t zum Einsatz&nbsp;kommenden Browser automatisch Informationen an den Server unserer Website gesendet. Diese Informationen&nbsp;werden tempor\u00e4r in einem sog. Logfile gespeichert. Folgende Informationen werden dabei ohne Ihr Zutun erfasst und bis zur automatisierten L\u00f6schung gespeichert:&nbsp; &nbsp;&nbsp;<\/strong><br><strong>Browsertyp\/ -version<\/strong><br><strong>Verwendetes Betriebssystem<\/strong><br><strong>Referrer URL (die zuvor besuchte Seite)<\/strong><br><strong>Hostname des zugreifenden Rechners (IP Adresse)<\/strong><br><strong>Uhrzeit der Serveranfrage<\/strong><br><strong>&nbsp;Die genannten Daten werden durch uns zu folgenden Zwecken verarbeitet:<\/strong><br><strong>Gew\u00e4hrleistung eines reibungslosen Verbindungsaufbaus der Website,<\/strong><br><strong>Gew\u00e4hrleistung einer komfortablen Nutzung unserer Website,<\/strong><br><strong>Auswertung der Systemsicherheit und -stabilit\u00e4t sowie<\/strong><br><strong>zu weiteren administrativen Zwecken<br><\/strong><br><strong>Die Rechtsgrundlage f\u00fcr die Datenverarbeitung ist Art. 6 Abs. 1 S. 1 lit. f DSGVO. Unser berechtigtes Interesse folgt aus oben aufgelisteten Zwecken zur Datenerhebung. In keinem Fall verwenden wir die erhobenen Daten zu dem Zweck, R\u00fcckschl\u00fcsse auf Ihre Person zu ziehen.<br><\/strong><br><strong>Dar\u00fcber hinaus setzen wir beim Besuch unserer Website Cookies sowie Analysedienste ein. N\u00e4here Erl\u00e4uterungen dazu erhalten Sie unter den Ziff. 4 und 5 dieser Datenschutzerkl\u00e4rung.<\/strong><br><br><strong>a) Besucherz\u00e4hler<\/strong><br><br><strong>Diese Webseite setzt einen Besucherz\u00e4hler ein. Der Besucherz\u00e4hler speichert die IP-Adresse des Besuchers, um&nbsp;doppelte Besuche desselben Besuchers von neuen Besuchern zu unterscheiden. Die gespeicherten IP-Adressen werden nach Tagen gel\u00f6scht.<\/strong><br><br><strong>&nbsp;b) Bei Nutzung unseres Kontaktformulars<br><\/strong><br><strong>Bei Fragen jeglicher Art bieten wir Ihnen die M\u00f6glichkeit, mit uns \u00fcber ein auf der Website bereitgestelltes&nbsp;Formular Kontakt aufzunehmen. Dabei ist die Angabe einer g\u00fcltigen E-Mail-Adresse erforderlich, damit wir&nbsp;wissen, von wem die Anfrage stammt und um diese beantworten zu k\u00f6nnen. Weitere Angaben k\u00f6nnen freiwillig&nbsp;get\u00e4tigt werden.<br><\/strong><br><strong>Die Datenverarbeitung zum Zwecke der Kontaktaufnahme mit uns erfolgt nach Art. 6 Abs. 1 S. 1 lit. a DSGVO auf&nbsp;Grundlage Ihrer freiwillig erteilten Einwilligung.<\/strong><br><strong>Die f\u00fcr die Benutzung des Kontaktformulars von uns erhobenen personenbezogenen Daten werden nach Erledigung&nbsp;der von Ihnen gestellten Anfrage automatisch gel\u00f6scht.&nbsp;<\/strong><br><br><strong>d) Newsletter<br><\/strong><br><strong>Bei Anmeldung f\u00fcr unseren Newsletter sofern Sie nach Art. 6 Abs. 1 S. 1 lit. a DSGVO ausdr\u00fccklich&nbsp;eingewilligt haben, verwenden wir Ihre E-Mail-Adresse daf\u00fcr, Ihnen regelm\u00e4\u00dfig unseren Newsletter zu&nbsp;\u00fcbersenden. F\u00fcr den Empfang des Newsletters ist die Angabe einer E-Mail-Adresse ausreichend.&nbsp;Die Abmeldung ist jederzeit m\u00f6glich, Sie k\u00f6nnen Ihren Abmeldewunsch gerne jederzeit per E-Mail an info@lvnk.li&nbsp;senden.<\/strong><br><strong><br>&nbsp;e) Telefonischer Kontakt<\/strong><br><br><strong>Bei der Nutzung durch telefonischen Kontakt wird die Telefonnumer von uns nicht&nbsp;gespeichert, nur mit Ihrer Einwilligung , falls ich sie zur\u00fcckrufen soll.&nbsp;Die Verarbeitung der personenbezogenen Daten erfolgt aufgrund unseres&nbsp;berechtigten Interesses zur Erf\u00fcllung unserer vertraglich vereinbarten&nbsp;Leistungen (Beratungen, Installationen usw..) Ihre Daten werden f\u00fcr die&nbsp;Dauer der Gesch\u00e4ftsabwicklung gespeichert und im Anschluss unverz\u00fcglich&nbsp;von uns gel\u00f6scht. (Rechtsgrundlage ist Art. 6 Abs. 1 S. 1 lit. f DSGVO).<\/strong><br><br><br><strong>&nbsp;f) E-Mailkontakt<br><\/strong><br><strong>Alle mir von Ihnen freiwillig per E-Mail \u00fcberlassenen Daten (Vor- und Nachnamen, Adressdaten,&nbsp;Geburtsdaten und Fotos) werden zum Zweck der Gesch\u00e4ftsabwicklung auf einem Datentr\u00e4ger&nbsp;gespeichert. Und im Anschluss&nbsp;unverz\u00fcglich von uns gel\u00f6scht (Rechtsgrundlage ist Art. 6 Abs. 1 S. 1 lit. f DSGVO).&nbsp;<\/strong><br><strong><br>&nbsp;g) Wenn Sie uns f\u00fcr eine Beratung, Installation, Support usw.. kontaktieren, erheben wir folgende Informationen:<br><\/strong><br><br><strong>\u00b7 Anrede, Vorname, Nachname,<\/strong><br><br><strong>\u00b7 personenbezogenes Foto, Geburtsdatum<\/strong><br><br><strong>\u00b7 eine g\u00fcltige E-Mail-Adresse,<\/strong><br><br><strong>\u00b7 Anschrift,<\/strong><br><br><strong>\u00b7 Telefonnummer (Festnetz und\/oder Mobilfunk)<\/strong><br><br><br><strong>Die Erhebung dieser Daten erfolgt,<\/strong><br><br><strong>Um sie als Kunde identifizieren zu k\u00f6nnen.<\/strong><br><br><strong>Die Datenverarbeitung erfolgt auf Ihre Anfrage hin und ist nach Art. 6 Abs. 1 S. 1 lit. b DSGVO zu den genannten Zwecken f\u00fcr die angemessene Bearbeitung einer Behandlung.<\/strong><br><br><strong>Personenbezogene Daten werden nach Bearbeitung Ihres Auftrages unverz\u00fcglich gel\u00f6scht.<\/strong><br><br><strong>Oder Sie haben in eine l\u00e4ngere Speicherung gem\u00e4\u00df Art. 6 Abs. 1 S. 1 lit. a DSGVO eingewilligt oder aus Ihrer Anfrage ergibt sich eine weitergehende Beziehung mit uns (zum Beispiel der Abschluss eines Kaufvertrages).<\/strong><br><br><br><strong>3. Weitergabe von Daten<br><\/strong><br><br><strong>Eine \u00dcbermittlung Ihrer pers\u00f6nlichen Daten an Dritte zu anderen als den im Folgenden aufgef\u00fchrten Zwecken<\/strong> <strong>findet nicht statt.<br><\/strong><br><strong>Wir geben Ihre pers\u00f6nlichen Daten nur an Dritte weiter, wenn:<\/strong><br><strong>&nbsp;wenn Sie&nbsp;nach Art. 6 Abs. 1 S. 1 lit. a DSGVO ausdr\u00fcckliche Einwilligung dazu erteilt haben,<\/strong><br>&nbsp;<br><strong>die Weitergabe nach Art. 6 Abs. 1 S. 1 lit. f DSGVO zur Geltendmachung, Aus\u00fcbung oder Verteidigung von<\/strong><br><strong>Rechtsanspr\u00fcchen erforderlich ist und kein Grund zur Annahme besteht, dass Sie ein \u00fcberwiegendes<\/strong><br><strong>schutzw\u00fcrdiges Interesse an der Nichtweitergabe Ihrer Daten haben,<\/strong><br><strong>f\u00fcr den Fall, dass f\u00fcr die Weitergabe nach Art. 6 Abs. 1 S. 1 lit. c DSGVO eine gesetzliche Verpflichtung besteht, sowie<\/strong><br><strong>dies gesetzlich zul\u00e4ssig und nach Art. 6 Abs. 1 S. 1 lit. b DSGVO f\u00fcr die Abwicklung von<\/strong><br><strong>Vertragsverh\u00e4ltnissen mit Ihnen erforderlich ist.<\/strong><br><br><br><strong>4. Cookies<br><\/strong><br><br><strong>Wir setzen auf unserer Seite Cookies ein. Hierbei handelt es sich um kleine Dateien, die Ihr Browser automatisch erstellt und die auf Ihrem Endger\u00e4t (Laptop, Tablet, Smartphone o.\u00e4.) gespeichert werden, wenn Sie unsere Seite besuchen. Cookies richten auf Ihrem Endger\u00e4t keinen Schaden an, enthalten keine Viren, Trojaner oder sonstige Schadsoftware.<\/strong><br><br><strong>In dem Cookie werden Informationen abgelegt, die sich jeweils im Zusammenhang mit dem spezifisch eingesetzten Endger\u00e4t ergeben. Dies bedeutet jedoch nicht, dass wir dadurch unmittelbar Kenntnis von Ihrer Identit\u00e4t erhalten.<\/strong><br><br><strong>Der Einsatz von Cookies dient einerseits dazu, die Nutzung unseres Angebots f\u00fcr Sie angenehmer zu gestalten.<\/strong><br><br><strong>So setzen wir sogenannte Session-Cookies ein, um zu erkennen, dass Sie einzelne Seiten unserer Website bereits besucht haben. Diese werden nach Verlassen unserer Seite automatisch gel\u00f6scht.<\/strong><br><br><strong>Dar\u00fcber hinaus setzen wir ebenfalls zur Optimierung der Benutzerfreundlichkeit tempor\u00e4re Cookies ein, die f\u00fcr einen bestimmten festgelegten Zeitraum auf Ihrem Endger\u00e4t gespeichert werden. Besuchen Sie unsere Seite erneut, um unsere Dienste in Anspruch zu nehmen, wird automatisch erkannt, dass Sie bereits bei uns waren &nbsp; und welche Eingaben und Einstellungen sie get\u00e4tigt haben, um diese nicht noch einmal eingeben zu m\u00fcssen.<\/strong><br><br><strong>Zum anderen setzten wir Cookies ein, um die Nutzung unserer Website statistisch zu erfassen und zum Zwecke der Optimierung unseres Angebotes f\u00fcr Sie auszuwerten (siehe Ziff. 5). Diese Cookies erm\u00f6glichen es uns, bei einem erneuten Besuch unserer Seite automatisch zu erkennen, dass Sie bereits bei uns waren. Diese Cookies werden nach einer jeweils definierten Zeit automatisch gel\u00f6scht.<\/strong><br><br><strong>Die durch Cookies verarbeiteten Daten sind f\u00fcr die genannten Zwecke zur Wahrung unserer berechtigten Interessen sowie der Dritter nach Art. 6 Abs.1 S. 1 lit. f DSGVO erforderlich.<\/strong><br><br><strong>Die meisten Browser akzeptieren Cookies automatisch. Sie k\u00f6nnen Ihren Browser jedoch so konfigurieren, dass keine Cookies auf Ihrem Computer gespeichert werden oder stets ein Hinweis erscheint, bevor ein neuer Cookie<\/strong><br><br><strong>angelegt wird. Die vollst\u00e4ndige Deaktivierung von Cookies kann jedoch dazu f\u00fchren, dass Sie nicht alle Funktionen unserer Website nutzen k\u00f6nnen.<\/strong><br><br><strong><br>&nbsp;5. Analyse-Tools \u2013 Tracking-Tools<br><\/strong><br><br><strong>Die im Folgenden aufgef\u00fchrten und von uns eingesetzten Tracking-Ma\u00dfnahmen werden auf Grundlage des Art. 6&nbsp;Abs. 1 S. 1 lit. f DSGVO durchgef\u00fchrt. Mit den zum Einsatz kommenden Tracking-Ma\u00dfnahmen wollen wir<\/strong><br><br><strong>eine bedarfsgerechte Gestaltung und die fortlaufende Optimierung unserer Webseite sicherstellen. Zum anderen&nbsp;setzen wir die Tracking-Ma\u00dfnahmen ein, um die Nutzung unserer Webseite statistisch zu erfassen und&nbsp;zum Zwecke der Optimierung unseres Angebotes f\u00fcr Sie auszuwerten. Diese Interessen sind als&nbsp;berechtigt im Sinne der vorgenannten Vorschrift anzusehen.<\/strong><br><br><strong>Die jeweiligen Datenverarbeitungszwecke und Datenkategorien sind aus den entsprechenden Tracking-Tools zu entnehmen.<\/strong><br><br><strong>&nbsp;Google Adsense<br><\/strong><br><strong>Adsense ist ein Online-Werbedienst der Google Inc. Google AdSense verwendet sog. \u201eCookies\u201c, Textdateien, die auf dem Computer der Nutzer gespeichert werden und die eine Analyse der Benutzung der Website erm\u00f6glicht.<\/strong><br><br><strong>Google AdSense verwendet auch sogenannte Web Beacons (unsichtbare Grafiken). Durch diese Web Beacons k\u00f6nnen Informationen wie der Besucherverkehr auf den Seiten dieses Angebots ausgewertet werden. Die durch<\/strong><br><br><strong>Cookies und Web Beacons erzeugten Informationen \u00fcber die Benutzung dieser Website (einschlie\u00dflich der IP-Adresse der Nutzer) und Auslieferung von Werbeformaten werden an einen Server von Google in den USA \u00fcbertragen und dort gespeichert. Diese Informationen k\u00f6nnen von Google an Vertragspartner von Google weiter gegeben werden. Google wird laut Eigenauskunft die IP-Adresse des Nutzers jedoch nicht mit anderen vom Nutzer gespeicherten Daten zusammenf\u00fchren.<\/strong><br><br><strong>2. Nutzer k\u00f6nnen die Installation der Cookies von Google AdSense auf verschiedene Weise verhindern:<\/strong><br><br><strong>a) durch eine entsprechende Einstellung der Browser-Software;<\/strong><br><strong>b) durch Deaktivierung der interessenbezogenen Anzeigen bei Google Google;<\/strong><br><strong>c) durch Deaktivierung der interessenbezogenen Anzeigen der Anbieter, die Teil der Selbstregulierungs-Kampagne \u201eAbout Ads\u201c sind;<\/strong><br><strong>d) durch dauerhafte Deaktivierung durch ein Browser-Plug-in.<\/strong><br><br><strong>Die Einstellungen unter b) und c) werden gel\u00f6scht, wenn Cookies in den Browsereinstellungen gel\u00f6scht werden.<\/strong><br><br><strong>3. N\u00e4here Informationen zu Datenschutz und Cookies f\u00fcr Werbung bei Google AdSense sind in der<\/strong><br><br><strong>Datenschutzerkl\u00e4rung von Google, insbesondere unter den folgenden Links zu finden:<\/strong><br><br><a href=\"https:\/\/privacy.google.com\/intl\/de\/index.html\"><strong>https:\/\/privacy.google.com\/intl\/de\/index.html<\/strong><\/a><br><a href=\"https:\/\/policies.google.com\/technologies\/ads?hl=de\"><strong>https:\/\/policies.google.com\/technologies\/ads?hl=de<\/strong><\/a><br><br><strong><br>&nbsp;6. Betroffenenrechte<br><\/strong><br><br><strong>Sie haben das Recht:<\/strong><br><br><strong>gem\u00e4\u00df Art. 15 DSGVO Auskunft \u00fcber Ihre von uns verarbeiteten personenbezogenen Daten zu verlangen.<\/strong><br><strong>Insbesondere k\u00f6nnen Sie Auskunft \u00fcber die Verarbeitungszwecke, die Kategorie der personenbezogenen&nbsp;Daten, die Kategorien von Empf\u00e4ngern, gegen\u00fcber denen Ihre Daten offengelegt wurden oder werden, die geplante Speicherdauer, das Bestehen eines Rechts auf Berichtigung, L\u00f6schung, Einschr\u00e4nkung der&nbsp;Verarbeitung oder Widerspruch, das Bestehen eines Beschwerderechts, die Herkunft ihrer Daten, sofern&nbsp;diese nicht bei uns erhoben wurden, sowie \u00fcber das Bestehen einer automatisierten Entscheidungsfindung<\/strong><br><strong>einschlie\u00dflich Profiling und ggf. aussagekr\u00e4ftigen Informationen zu deren Einzelheiten verlangen;<\/strong><br><strong>gem\u00e4\u00df Art. 16 DSGVO unverz\u00fcglich die Berichtigung unrichtiger oder Vervollst\u00e4ndigung Ihrer bei uns<\/strong><br><strong>gespeicherten personenbezogenen Daten zu verlangen;<\/strong><br><strong>gem\u00e4\u00df Art. 17 DSGVO die L\u00f6schung Ihrer bei uns gespeicherten personenbezogenen Daten zu verlangen,<\/strong><br><strong>soweit nicht die Verarbeitung zur Aus\u00fcbung des Rechts auf freie Meinungs\u00e4u\u00dferung und Information, zur&nbsp;Erf\u00fcllung einer rechtlichen Verpflichtung, aus Gr\u00fcnden des \u00f6ffentlichen Interesses oder zur<\/strong><br><strong>Geltendmachung, Aus\u00fcbung oder Verteidigung von Rechtsanspr\u00fcchen erforderlich ist;<\/strong><br><strong>gem\u00e4\u00df Art. 18 DSGVO die Einschr\u00e4nkung der Verarbeitung Ihrer personenbezogenen Daten zu verlangen,<\/strong><br><strong>soweit die Richtigkeit der Daten von Ihnen bestritten wird, die Verarbeitung unrechtm\u00e4\u00dfig ist, Sie aber<\/strong><br><strong>deren L\u00f6schung ablehnen und wir die Daten nicht mehr ben\u00f6tigen, Sie jedoch diese zur Geltendmachung,<\/strong><br><strong>Aus\u00fcbung oder Verteidigung von Rechtsanspr\u00fcchen ben\u00f6tigen oder Sie gem\u00e4\u00df Art. 21 DSGVO Widerspruch&nbsp;gegen die Verarbeitung eingelegt haben;<\/strong><br><strong>gem\u00e4\u00df Art. 20 DSGVO Ihre personenbezogenen Daten, die Sie uns bereitgestellt haben, in einem<\/strong><br><strong>strukturierten, g\u00e4ngigen und maschinenlesebaren Format zu erhalten oder die \u00dcbermittlung an einen<\/strong><br><strong>anderen Verantwortlichen zu verlangen;<\/strong><br><strong>gem\u00e4\u00df Art. 7 Abs. 3 DSGVO Ihre einmal erteilte Einwilligung jederzeit gegen\u00fcber uns zu widerrufen. Dies&nbsp;hat zur Folge, dass wir die Datenverarbeitung, die auf dieser Einwilligung beruhte, f\u00fcr die Zukunft nicht<\/strong><br><strong>mehr fortf\u00fchren d\u00fcrfen und&nbsp;gem\u00e4\u00df Art. 77 DSGVO sich bei einer Aufsichtsbeh\u00f6rde zu beschweren. In der Regel k\u00f6nnen Sie sich hierf\u00fcr&nbsp;an die Aufsichtsbeh\u00f6rde Ihres \u00fcblichen Aufenthaltsortes oder Arbeitsplatzes oder unseres Kanzleisitzes&nbsp;wenden.&nbsp;<\/strong><br><br><strong>7. Widerspruchsrecht<br><\/strong><br><strong>Sofern Ihre personenbezogenen Daten auf Grundlage von berechtigten Interessen gem\u00e4\u00df Art. 6 Abs. 1 S. 1 lit. f DSGVO verarbeitet werden, haben Sie das Recht, gem\u00e4\u00df Art. 21 DSGVO Widerspruch gegen die Verarbeitung<\/strong><br><br><strong>Ihrer personenbezogenen Daten einzulegen, soweit daf\u00fcr Gr\u00fcnde vorliegen, die sich aus Ihrer besonderen Situation ergeben oder sich der Widerspruch gegen Direktwerbung richtet. Im letzteren Fall haben Sie ein generelles Widerspruchsrecht, das ohne Angabe einer besonderen Situation von uns umgesetzt wird.<\/strong><br><br><strong>M\u00f6chten Sie von Ihrem Widerrufs- oder Widerspruchsrecht Gebrauch machen, gen\u00fcgt eine E-Mail an<\/strong><br><br><strong>info@lvnk.li<\/strong><br><br><strong><br>&nbsp;8. Datensicherheit<br><\/strong><br><strong>Wir bedienen uns im \u00dcbrigen geeigneter und organisatorischer Sicherheitsma\u00dfnahmen, um Ihre Daten gegen&nbsp;zuf\u00e4llige oder vors\u00e4tzliche Manipulationen, teilweisen oder vollst\u00e4ndigen Verlust, Zerst\u00f6rung oder gegen den&nbsp;unbefugten Zugriff Dritter zu sch\u00fctzen. Unsere Sicherheitsma\u00dfnahmen werden entsprechend der&nbsp;technologischen Entwicklung fortlaufend verbessert.<br>Aktualit\u00e4t und \u00c4nderung dieser Datenschutzerkl\u00e4rung:<br><\/strong><br><strong>Diese Datenschutzerkl\u00e4rung ist aktuell g\u00fcltig und hat den Stand Mai 2018.&nbsp;<\/strong><\/p>\n","protected":false},"excerpt":{"rendered":"<p>1. Diese Datenschutz-Information gilt f\u00fcr die Datenverarbeitung durch: LVNK Austrasse 1FL-9490 VaduzTel: +423 232 41 43Fax: +423 233 41 44E-Mailadresse:<\/p>\n","protected":false},"author":1,"featured_media":0,"parent":0,"menu_order":0,"comment_status":"closed","ping_status":"closed","template":"","meta":{"colormag_page_container_layout":"default_layout","colormag_page_sidebar_layout":"default_layout","footnotes":""},"class_list":["post-120","page","type-page","status-publish","hentry"],"_links":{"self":[{"href":"https:\/\/www.lvnk.li\/index.php\/wp-json\/wp\/v2\/pages\/120","targetHints":{"allow":["GET"]}}],"collection":[{"href":"https:\/\/www.lvnk.li\/index.php\/wp-json\/wp\/v2\/pages"}],"about":[{"href":"https:\/\/www.lvnk.li\/index.php\/wp-json\/wp\/v2\/types\/page"}],"author":[{"embeddable":true,"href":"https:\/\/www.lvnk.li\/index.php\/wp-json\/wp\/v2\/users\/1"}],"replies":[{"embeddable":true,"href":"https:\/\/www.lvnk.li\/index.php\/wp-json\/wp\/v2\/comments?post=120"}],"version-history":[{"count":2,"href":"https:\/\/www.lvnk.li\/index.php\/wp-json\/wp\/v2\/pages\/120\/revisions"}],"predecessor-version":[{"id":123,"href":"https:\/\/www.lvnk.li\/index.php\/wp-json\/wp\/v2\/pages\/120\/revisions\/123"}],"wp:attachment":[{"href":"https:\/\/www.lvnk.li\/index.php\/wp-json\/wp\/v2\/media?parent=120"}],"curies":[{"name":"wp","href":"https:\/\/api.w.org\/{rel}","templated":true}]}}