{"id":5,"date":"2021-12-19T08:53:23","date_gmt":"2021-12-19T08:53:23","guid":{"rendered":"https:\/\/www.lvnk.li\/?page_id=5"},"modified":"2024-03-07T09:51:47","modified_gmt":"2024-03-07T09:51:47","slug":"verband","status":"publish","type":"page","link":"https:\/\/www.lvnk.li\/index.php\/verband\/","title":{"rendered":"Verband"},"content":{"rendered":"\n<h2 class=\"wp-block-heading\"><\/h2>\n\n\n\n<h5 class=\"wp-block-heading has-text-align-left\"><strong>Statuten Liechtensteiner Verband f\u00fcr nat\u00fcrliches Heilen und Komplement\u00e4rmedizin<\/strong><\/h5>\n\n\n\n<p><strong>Unter dem Namen \u201eLiechtensteiner Verband f\u00fcr nat\u00fcrliches Heilen und Komplement\u00e4rmedizin\u201c besteht ein Verein Im Sinne der Artikel 246ff des Liechtensteinischen Personen- und Gesellschaft Rechtes, mit Sitz in Vaduz.<\/strong><\/p>\n\n\n\n<p>1.\u00a0 <strong>Vereinszweck<\/strong><br>\u00a0\u00a0\u00a0 Der Liechtensteinische Verband f\u00fcr nat\u00fcrliches Heilen und Komplement\u00e4rmedizin bezweckt:<br>\u00a0\u00a0\u00a0 \u2013 den Zusammenschluss der mit nat\u00fcrlichem Heilen t\u00e4tigen Personen<br>\u00a0\u00a0\u00a0 \u2013 die F\u00f6rderung aller Ma\u00dfnahmen zu Qualit\u00e4tsicherung im Bereich des nat\u00fcrlichen Heilens und<br>\u00a0\u00a0\u00a0 \u00a0\u00a0der Komplement\u00e4rmedizin<br>\u00a0\u00a0\u00a0 \u2013 die F\u00f6rderung der Komplement\u00e4rmedizin als Beitrag zur optimalen Gesundheitsf\u00f6rderung und als Erg\u00e4nzung<br>\u00a0\u00a0\u00a0 \u00a0\u00a0zu den Methoden der Schulmedizin<br>\u00a0\u00a0\u00a0 \u2013 die F\u00f6rderung k\u00fcnftiger pr\u00e4ventiver Massnahmen im Bereich des nat\u00fcrlichen Heilens und<br>\u00a0\u00a0\u00a0 \u00a0\u00a0der Komplement\u00e4rmedizin<br>\u00a0\u00a0\u00a0 \u2013 die Wahrnehmung von gemeinsamen Interessen der am Verein angeschlossenen Mitglieder im ideellen<br>\u00a0\u00a0\u00a0 \u00a0\u00a0und im wirtschaftlichen Bereich<br>\u00a0\u00a0\u00a0 \u2013 die F\u00f6rderung des Rechts des Einzelnen auf freie Wahl der Heilmethoden<br><br>\u00a0\u00a0\u00a0 Die Vereinsziele sollen insbesondere erreicht werden durch:<br>\u00a0\u00a0\u00a0 \u2013 den Austausch von gegenseitigen Informationen und die Zusammenarbeit der Mitglieder<br>\u00a0\u00a0\u00a0 \u2013 gemeindesame Fortbildungsveranstaltungen<br>\u00a0\u00a0\u00a0 \u2013 gemeinsames Auftreten und koordinierte Wahrnehmung der Interessen gegen\u00fcber Beh\u00f6rden,<br>\u00a0\u00a0\u00a0 \u00a0 Institutionen und anderen Verb\u00e4nden<br><br>2.\u00a0 <strong>Mitgliedschaft<\/strong><br>\u00a0\u00a0\u00a0 Die Mitglieder des Verbandes k\u00f6nnen sein:<br>\u00a0\u00a0\u00a0 \u2013 NaturheilpraktikerInnen, die im Besitze einer staatlichen Konzession zur Berufsaus\u00fcbung sind.<br>\u00a0\u00a0\u00a0 \u2013 Berufsangeh\u00f6rige des Gesundheitswesens, welche im Gebiet des nat\u00fcrlichen Heilens oder<br>\u00a0\u00a0\u00a0 \u00a0\u00a0der Komplement\u00e4rmedizin t\u00e4tig sind.<br>\u00a0\u00a0\u00a0 \u2013 Personen, welche sich um das nat\u00fcrliche Heilen oder die Komplement\u00e4rmedizin in besonderer Weise<br>\u00a0\u00a0\u00a0 \u00a0\u00a0verdient gemacht haben.\u00a0Insbesondere Personen mit der F\u00e4higkeit zu heilen, die nach \u00dcberpr\u00fcfung<br>\u00a0\u00a0\u00a0 \u00a0\u00a0besondere Leistungen hervorbringen.<br>\u00a0\u00a0\u00a0 \u2013 Personen, welche sich im fortgeschrittenen Stadium der Ausbildung zum Naturheilpraktiker befinden.<br>\u00a0\u00a0\u00a0 \u2013 Nat\u00fcrliche und juristische Personen, welche den Vereinszweck f\u00f6rdern und unterst\u00fctzen.<br>\u00a0\u00a0\u00a0 \u2013 G\u00f6nnermitglieder die den Verein durch Zahlungen eines Jahresbeitrages finanziell unterst\u00fctzen,<br>\u00a0\u00a0\u00a0 \u00a0\u00a0jedoch ohne Stimmrecht und Pflichten sind.<br><br>3.\u00a0 <strong>Berufsethik<\/strong><br>\u00a0\u00a0\u00a0 Die Mitglieder verpflichten sich:<br>\u00a0\u00a0\u00a0 \u2013 ihren Beruf gewissenhaft zum Wohle der Menschen auszu\u00fcben<br>\u00a0\u00a0\u00a0\u00a0\u2013 den Missbrauch der nat\u00fcrlichen Heilverfahren oder unlauteres Gesch\u00e4ftsgebaren zu bek\u00e4mpfen<br>\u00a0\u00a0\u00a0 \u2013 die Einhaltung der beruflichen Verschwiegenheit<br>\u00a0\u00a0\u00a0 \u2013 das Unterlassen aufdringlich wirkender Werbung und Propaganda<br>\u00a0\u00a0\u00a0 \u2013 die Anerkennung des Ehren-Kodex des Verbandes<br>\u00a0\u00a0\u00a0 \u2013 die Mitglieder verpflichten sich, Reklame und Empfehlungen nur im gesetzlichen Rahmen zu t\u00e4tigen<br>\u00a0\u00a0\u00a0 Im \u00fcbrigen gelten die Bestimmungen des Naturheilpraktikergesetzes.<br><br>4. \u00a0<strong>Organisation<\/strong><\/p>\n\n\n\n<figure class=\"wp-block-table\"><table><tbody><tr><td>4.1<\/td><td class=\"has-text-align-left\" data-align=\"left\"><strong>Die Organe des Verbandes sind:<\/strong><br>die Generalversammlung<br>der Vorstand<br>die Revisoren<\/td><\/tr><tr><td>4.2<\/td><td class=\"has-text-align-left\" data-align=\"left\"><strong>Die Generalversammlung<\/strong><\/td><\/tr><tr><td>4.2.1<\/td><td class=\"has-text-align-left\" data-align=\"left\"><strong>Zusammensetzung<br><\/strong>Die Generalversammlung setzt sich aus den Vereinsmitgliedern zusammen,<br>welche an der Versammlung tats\u00e4chlich teilnehmen.<\/td><\/tr><tr><td>4.2.2<\/td><td class=\"has-text-align-left\" data-align=\"left\"><strong>Einberufung<\/strong><br>Die Einberufung der Generalversammlung erfolgt:<br>\u2013 durch den Vorstand<br>\u2013 auf Verlangen von 1\/5 der Mitglieder des Vereins<br><br>Die Einberufung der Generalversammlung erfolgt mittels schriftlicher<br>Einladung unter Bekanntgabe der Traktanden, des Ortes und der Zeit und<br>zwar sp\u00e4testens 14 Tage vor dem Zeitpunkt der abzuhaltenden Versammlung.<br><br>Traktandenw\u00fcnsche von Mitgliedern m\u00fcssen mindestens 4 Wochen vor der<br>Generalversammlung dem Vorstand schriftlich gemeldet werden.<\/td><\/tr><tr><td>4.2.3<\/td><td class=\"has-text-align-left\" data-align=\"left\"><strong>Pflichten der Generalversammlung<\/strong><br><br>Die Generalversammlung nimmt Kenntnis vom Jahresbericht, von der<br>Jahresrechnung und vom Revisorenbericht und beschliesst \u00fcber die<br>Genehmigung.<br><br>Sie beschlie\u00dft \u00fcber die Decharge des Vorstandes.<br><br>Sie w\u00e4hlt den Pr\u00e4sidenten und den Vorstand f\u00fcr die Dauer von 2 Jahren, wobei Wiederwahlen zul\u00e4ssig sind.<br><br>Sie best\u00e4tigt die neu aufgenommenen Mitglieder.<br><br>Sie w\u00e4hlt die Revisoren f\u00fcr die Dauer von 2 Jahren.<br><br>Die Generalversammlung behandelt s\u00e4mtliche weiteren ihr durch die Vereinsstatuten oder durch das Gesetz vorbehaltenen Gesch\u00e4fte.<\/td><\/tr><tr><td>4.3<\/td><td class=\"has-text-align-left\" data-align=\"left\"><strong>Der Vorstand<\/strong><\/td><\/tr><tr><td>4.3.1<\/td><td class=\"has-text-align-left\" data-align=\"left\"><strong>Zusammensetzung<\/strong><br><br>Der Vorstand setzt sich zusammen aus dem Pr\u00e4sidenten bzw. der Pr\u00e4sident,<br>sowie 2 bis 4 weiteren Mitgliedern.<br>Der Pr\u00e4sident und die Vorstandsmitglieder werden durch die Mitgliederversammlung gew\u00e4hlt.<br><br>Die Aufgabenverteilung \u00fcbernimmt der Vorstand.<\/td><\/tr><tr><td>4.3.2<\/td><td class=\"has-text-align-left\" data-align=\"left\"><strong>Einberufung<\/strong><br><br>Der Vorstand tritt auf Einberufung des Pr\u00e4sidenten zusammen.<\/td><\/tr><tr><td>4.3.3<\/td><td class=\"has-text-align-left\" data-align=\"left\"><strong>Beschlussfassung<\/strong><br><br>F\u00fcr die Beschlussfassung ist ein Anwesenheitsquorum von mindestens<br>50 % aller Vorstandsmitglieder erforderlich. Die Beschlussfassung erfordert ein einfaches Stimmenmehr.<br>Der Pr\u00e4sident hat aber bei Stimmengleichheit den Stichentscheid.<br>Beschl\u00fcsse auf dem Zirkulationsweg erfordert einfache Mehrheit aller Vorstands-mitglieder.<\/td><\/tr><tr><td>4.3.4<\/td><td class=\"has-text-align-left\" data-align=\"left\"><strong>Aufgaben<\/strong><br><br>Dem Vorstand fallen nachstehende Aufgaben zu:<br><br>\u2013 Leitung des Vereins<br>\u2013 Vertretung des Vereins nach Aussen<br>\u2013 Vorbereitung und Leitung der Generalversammlung<br>\u2013 Verwaltung des Vereinsverm\u00f6gens<br>\u2013 Vollzug der Vereinsbeschl\u00fcsse<br>\u2013 Erfassen von Reglementen und Richtlinien<br>\u2013 Einsetzung von Kommissionen, Ernennung und Abberufung von Kommissionsmitgliedern<br>\u00a0 (z.B. Ehrenrat, Weiterbildungskommission, i.\u00e4.)<br>\u2013 Delegation von Mitgliedern in staatliche Kommissionen<br>\u2013 Organisation von Weiterbildungen<br>\u2013 Neuaufnahme von Mitgliedern<br>\u2013 Ausschluss von Mitgliedern infolge Vorstosses gegen die Berufsethik oder Verstoss<br>\u00a0 gegen die Verbandsinteressen<br><br>Der Vorstand kann einen Ehrenrat bestellen, welcher einen einstimmigen Beschluss zu fassen hat.<\/td><\/tr><tr><td>4.3.5<\/td><td class=\"has-text-align-left\" data-align=\"left\"><strong>Protokoll<\/strong><br><br>\u00dcber die Vorstandssitzungen wird ein Protokoll gef\u00fchrt.<br>Die Beschl\u00fcsse werden chronologisch protokolliert.<br>Das Protokoll ist vom Protokollf\u00fchrer und vom Vereinspr\u00e4sidenten zu unterzeichnen.<\/td><\/tr><tr><td>4.4<\/td><td class=\"has-text-align-left\" data-align=\"left\"><strong>Revisoren<\/strong><br><br>Es werden 2 Revisoren bestellt.<br>Die Revisoren sind verpflichtet, nach Ablauf des Rechnungsjahres die<br>Bilanz und die Betriebsrechnung zu pr\u00fcfen und der Generalversammlung<br>j\u00e4hrlich schriftlichen Bericht und Antrag zu stellen.<\/td><\/tr><\/tbody><\/table><\/figure>\n\n\n\n<p><br>5. <strong>Ehrenrat<\/strong><br>\u00a0\u00a0\u00a0 Bei Streitigkeiten zwischen Mitgliedern oder bei Zuwiderhandlung einzelner Mitglieder gegen die Berufsethik<br>\u00a0\u00a0\u00a0 kann der Vorstand einen Ehrenrat von mindestens 3 h\u00f6chstens 5 Mitgliedern bestellen.<br>\u00a0\u00a0\u00a0 Funktion, Kompetenz und Verfahren vom Ehrenrat werden in einem separaten Reglement geregelt.<br><br>6.\u00a0 <strong>Finanzen<\/strong><br>\u00a0\u00a0\u00a0 \u00a0Einnahmen<br>\u00a0\u00a0\u00a0 Die Einnahmen des Verbandes setzen sich zusammen aus:<br>\u00a0\u00a0\u00a0 \u2013 den Mitgliederbeitr\u00e4gen<br>\u00a0\u00a0\u00a0 \u2013 freiwilligen Vergaben<br>\u00a0\u00a0\u00a0 \u2013 G\u00f6nnerbeitr\u00e4gen<br><br><strong>\u00a0\u00a0\u00a0 Die Mitgliederbeitr\u00e4ge werden durch die Generalversammlung auf Antrag des Vorstandes festgelegt.<br><\/strong>\u00a0\u00a0\u00a0 Ausgaben<br>\u00a0\u00a0\u00a0 \u2013 Organisation<br>\u00a0\u00a0\u00a0 \u2013 Spesen<br>\u00a0\u00a0\u00a0 \u2013\u00a0Diverse Aufw\u00e4nde<br><br>6.1 <strong>Rechnungswesen<\/strong><br>\u00a0\u00a0\u00a0 \u00a0Das Rechnungswesen des Vereins erfolgt nach kaufm\u00e4nnischen Grunds\u00e4tzen und schlie\u00dft<br>\u00a0\u00a0\u00a0 \u00a0mit dem Vereinsjahresende.<br><br>7. \u00a0<strong>Vereinsaustritt<\/strong><br>\u00a0\u00a0\u00a0 Mitglieder k\u00f6nnen jederzeit den Verein verlassen.<br>\u00a0\u00a0\u00a0 Mitglieder, die aus dem Verein austreten oder vom Verein ausgeschlossen werden,<br>\u00a0\u00a0\u00a0 haben keinen Anspruch auf das Vereinsverm\u00f6gen.<br><br>8. <strong>Haftung<\/strong><br>\u00a0\u00a0\u00a0 F\u00fcr Verbindlichkeiten des Vereins haftet ausschliesslich das Vereinsverm\u00f6gen.<br><br><\/p>\n","protected":false},"excerpt":{"rendered":"<p>Statuten Liechtensteiner Verband f\u00fcr nat\u00fcrliches Heilen und Komplement\u00e4rmedizin Unter dem Namen \u201eLiechtensteiner Verband f\u00fcr nat\u00fcrliches Heilen und Komplement\u00e4rmedizin\u201c besteht ein<\/p>\n","protected":false},"author":1,"featured_media":0,"parent":0,"menu_order":0,"comment_status":"closed","ping_status":"closed","template":"","meta":{"colormag_page_container_layout":"no_sidebar_full_width","colormag_page_sidebar_layout":"no_sidebar","footnotes":""},"class_list":["post-5","page","type-page","status-publish","hentry"],"_links":{"self":[{"href":"https:\/\/www.lvnk.li\/index.php\/wp-json\/wp\/v2\/pages\/5","targetHints":{"allow":["GET"]}}],"collection":[{"href":"https:\/\/www.lvnk.li\/index.php\/wp-json\/wp\/v2\/pages"}],"about":[{"href":"https:\/\/www.lvnk.li\/index.php\/wp-json\/wp\/v2\/types\/page"}],"author":[{"embeddable":true,"href":"https:\/\/www.lvnk.li\/index.php\/wp-json\/wp\/v2\/users\/1"}],"replies":[{"embeddable":true,"href":"https:\/\/www.lvnk.li\/index.php\/wp-json\/wp\/v2\/comments?post=5"}],"version-history":[{"count":15,"href":"https:\/\/www.lvnk.li\/index.php\/wp-json\/wp\/v2\/pages\/5\/revisions"}],"predecessor-version":[{"id":318,"href":"https:\/\/www.lvnk.li\/index.php\/wp-json\/wp\/v2\/pages\/5\/revisions\/318"}],"wp:attachment":[{"href":"https:\/\/www.lvnk.li\/index.php\/wp-json\/wp\/v2\/media?parent=5"}],"curies":[{"name":"wp","href":"https:\/\/api.w.org\/{rel}","templated":true}]}}